{"id":96,"date":"2020-05-23T19:35:05","date_gmt":"2020-05-23T19:35:05","guid":{"rendered":"http:\/\/srvubures001.uct.ac.za\/scdo\/?page_id=96"},"modified":"2020-05-23T21:25:18","modified_gmt":"2020-05-23T21:25:18","slug":"therapeutics","status":"publish","type":"page","link":"https:\/\/scdontology.h3abionet.org\/index.php\/therapeutics\/","title":{"rendered":"Therapeutics"},"content":{"rendered":"\n<h3 class=\"wp-block-heading\">Prof. Adekile, Adekunle<\/h3>\n\n\n\n<p><em>Kuwait University, Kuwait City, Kuwait.<\/em><\/p>\n\n\n\n<p>Professor Adekile graduated from the University of Ibadan Medical School in 1973 and completed his Pediatric Residency Training at the Obafemi Awolowo University Teaching Hospital, Ile-Ife Nigeria.&nbsp; He finished his post-doctoral Fellowship in PediatricHematology in Howard University Hospital, Washington DC, USA in 1980-1981, during which time he worked at the Comprehensive Sickle Cell Center under Dr. Roland Scotto. He established a sickle cell clinic in the Obafemi Awolowo University Teaching Hospital on his return to Nigeria in 1981. In 1990 he was the recipient of the Fogarty International Fellowship which took him to the Medical College of Georgia, Augusta, GA, USA where he worked in Dr. Titus Huisman\u2019s laboratory and the Comprehensive Sickle Cell Center. He moved to Kuwait in 1993 where, in addition to other responsibilities, he looks after patients with hemoglobinopathies in the country. He is the Director of the hemoglobin research laboratory in his department with facilities for hemoglobin quantitation and a full range of molecular studies. He is the Director of the Kuwait National Sickle Cell Disease Registry, which he established in 2010.<\/p>\n\n\n\n<p>He was awarded a PhD degree in Cell Biology from the University of Maastricht, Netherlands in 1996. He is the recipient of several research grants and awards and has ~120 publications in internationally renowned journals.&nbsp; He is a member of many academic and professional bodies including the Nigerian Pediatric Association, Nigerian Society for Hematology and Blood Transfusion and American Society for Hematology. He serves on the Board of the Center for Arab Genomic Studies. He is one of the leaders in the Global Sickle Cell Disease Network where he is the co-chairman of the working group on phenotypic variation. He is the President of the Nigerian SCD Network and the Sickle Cell Support Society of Nigeria.<\/p>\n\n\n\n<hr class=\"wp-block-separator\"\/>\n\n\n\n<h3 class=\"wp-block-heading\">Dr. Ghedira, Kais<\/h3>\n\n\n\n<p><em>Institut Pasteur de Tunis, Tunis, Tunisia.<\/em><\/p>\n\n\n\n<p>Dr Kais Ghedira is an assistant professor in bioinformatics who is a member of the Laboratory of Medical Parasitology, Biotechnologies and Biomolecules (LR11IPT06) and member of the Group of Bioinformatics and Mathematical Modeling, in Institut Pasteur de Tunis (IPT). He was involved in several international and national projects funded by EC and IPT and is a member of the H3ABioNet project funded by the NIH. He participated in many international scientific meetings and conferences in bioinformatics around the world. Kais is a bioinformatician with a biological background who participated as a lecturer and organizer of several national and international courses in the field of bioinformatics. He is since 2012 a bioinformatics lecturer in the ISBST in Tunisia. He is mainly interested in the analysis of high throughput data, microbiology, data integration, comparative genomics, functional analysis of gene expression, gene regulation, prediction of gene\/protein interaction networks, functional genomics, bioremediation and nanobiotechnology.<\/p>\n\n\n\n<hr class=\"wp-block-separator\"\/>\n\n\n\n<h3 class=\"wp-block-heading\">Dr. Lopez Sall, Philomene<\/h3>\n\n\n\n<p><em>Cheikh Anta Diop University, Dakar, Senegal.<\/em><\/p>\n\n\n\n<p>Titulaire du Dipl\u00f4med\u2019\u00e9tudesApprofondies de Biochimiestructurale, m\u00e9tabolique et clinique, nous avonsint\u00e9gr\u00e9l\u2019unit\u00e9d\u2019enseignements et de recherche du Laboratoire de BiochimiePharmaceutique de la Facult\u00e9 de M\u00e9decine, Pharmacie et d\u2019Odonto-stomatologie de l\u2019Universit\u00e9CheikhAnta&nbsp; Diop de Dakar&nbsp; en 1992.&nbsp; Nous avonssoutenunotreTh\u00e8se de Doctorat\u00e8s Sciences Pharmaceutiquesen 2004 et avonsr\u00e9ussiau&nbsp; Concoursd\u2019Agr\u00e9gation du CAMES \u2013 Sp\u00e9cialit\u00e9Biochimie, la m\u00eameann\u00e9e. Nous sommesinscrite sur les listesd\u2019aptitude&nbsp; auxfonctions de Professeurtitulaire, depuisjuillet 2010. Au plan hospitalier, nous occupons les fonctionsd\u2019Adjoint au Chef de Laboratoire du Centre Hospitalier National d\u2019Enfants Albert Royer de Dakar et supervisons les unit\u00e9s de Biochimie et d\u2019H\u00e9matologie. Concernantnosactivit\u00e9s de recherche, ellessontorient\u00e9esvers les aspects biochimiques de pathologies telles que le diab\u00e8te, la dr\u00e9panocytose et les carencesnutritionnelles. Nous sommes auteur et co-auteur&nbsp; d\u2019unetrentaine de publications et communications scientifiquesdans le domaine de la sant\u00e9 dontunedizaine sur la dr\u00e9panocytose. Nos travaux sur la dr\u00e9panocytosevisaient, essentiellement, \u00e0 \u00e9valuer la fr\u00e9quence de la carenceenfer, l\u2019associationdr\u00e9panocytose \u2013 carencemartiale\u00e9tantrelativementfr\u00e9quenteen zone tropicale. C\u2019estainsi que nous avons\u00e9tudi\u00e9 les limites des param\u00e8tres de routine dans le diagnostic de carencemartiale au cours de la dr\u00e9panocytose homozygote. Nous avons, par ailleurs, \u00e9valu\u00e9l\u2019apport des r\u00e9cepteurssolubles de la transferrinedans le m\u00eamecontexte. La ferritine\u00e9rythrocytaire, refletv\u00e9ritabled\u2019unecarencemartiale, lorsque la ferritin\u00e9mie et les autresparam\u00e8tres du m\u00e9tabolisme du fersontpeuinformatifs, a \u00e9galement, retenunotre attention. Nos travauxont, enoutre, port\u00e9 sur la d\u00e9termination du profillipidiqueclassique et celle des LDL-oxyd\u00e9es&nbsp; desujetsdr\u00e9panocytaires, dans le but de mesurer le risqueath\u00e9rog\u00e8neassoci\u00e9 \u00e0 l\u2019affection, risquelongtempsconsid\u00e9r\u00e9commefaible du fait de la diminution de&nbsp; la cholest\u00e9rol\u00e9mietotalenot\u00e9eenp\u00e9riode de crise. La pr\u00e9valence des anticorps anti phospholipides a, \u00e9galement, \u00e9t\u00e9estim\u00e9e chez ces patients, eu\u00e9gard \u00e0 l\u2019implication de cesimmunoglobulinesdans la pathog\u00e9nie de la dr\u00e9panocytose. Notre \u00e9quipepoursuitsestravaux sur la dr\u00e9panocytose, notamment, sur la recherche de g\u00e8nescapables de modifier l\u2019\u00e9volution de la maladie.<\/p>\n\n\n\n<hr class=\"wp-block-separator\"\/>\n\n\n\n<h3 class=\"wp-block-heading\">Prof. Mulder, Nicola<\/h3>\n\n\n\n<p><em>University of Cape Town, Cape Town, South Africa.<\/em><\/p>\n\n\n\n<p>Prof Mulder heads CBIO. She graduated with a BSc degree (<em>cum laude<\/em>) in Chemistry and Microbiology, and a first class Honours degree in Microbiology, followed by a PhD in Medical Microbiology. She then spent over 8 years at the European Bioinformatics Institute (EBI) in Cambridge, moving into the area of bioinformatics. At the EBI she was a Team Leader, responsible for the development of InterPro and the Gene Ontology Annotation Project. InterPro was one of the most heavily used Bioinformatics resources at the Institute. At UCT, Prof Mulder works in the area of bioinformatics of infectious diseases, including pathogen and host genomics and biological networks, human variation and disease association studies. She heads the CBIO group, which consists of over 20 staff and students. The group provides bioinformatics support and training for postgraduate students and local researchers, and Prof Mulder convenes an Honours programme in Bioinformatics, and organises a South African national bioinformatics training course for postgraduate students.<\/p>\n\n\n\n<p>Internationally, Prof Mulder is involved in capacity development in Africa, as leader of a large NIH-funded consortium, H3ABioNet, to build a Pan-African Bioinformatics network for H3Africa, and through her position as President of the African Society for Bioinformatics and Computational Biology. Prof Mulder is also a member of the ELIXIR Scientific Advisory Board, which forms part of a major EU funded European initiative involving all the bioinformatics stakeholders in Europe and many others world-wide, and a founding member of the Global Organisation for Bioinformatics Learning, Education &amp; Training (GOBLET). She is on the executive committee of the African Institute for Mathematical Sciences, as well as a number of review and advisory boards.<\/p>\n\n\n\n<hr class=\"wp-block-separator\"\/>\n\n\n\n<h3 class=\"wp-block-heading\">Dr. Nnodu, Obiageli<\/h3>\n\n\n\n<p><em>University of Abuja, Abuja, Nigeria.<\/em><\/p>\n\n\n\n<p>Dr Obiageli Nnodu is the Associate Professor of Haemato-Oncology, Ag., Director for Centre for Sickle Cell Disease Research &amp; Training, University of Abuja (CESRTA), and a Consultant Haematologist at University of Abuja Teaching Hospital. She is a Chevening Scholar with 29 years experience in the field of haematology and blood transfusion and recipient of several international fellowships at Imperial College of Medicine, London; Karolinska Institute &amp; Hospital, Stockholm, Sweden; University Hospital, Lund, Sweden and the National Cancer Institute, Bethesda, Maryland. She is a founding member of Sickle CHARTA, the Haemoglobinopathies Working Group of the Nigerian Society for Haematology and Blood Transfusion, the Sickle Cell Support Society of Nigeria (SCSSN), and The Nigerian SCD Network. In these capacities, she helped articulate a strategy for the control of sickle cell disease in Nigeria and worked with others to build a platform for multidisciplinary multi-institutional collaborative research in SCD. She also helped organize a highly successful international conference on&nbsp; SCD in June 2015 with a post conference UK-Nigeria Sickle Cell Disease Research Workshop in collaboration with the British High Commission, the University of Abuja and its affiliate hospitals and advocated for the establishment of CESRTA. She has served on various technical committees for the government on NCDs and completed a number national assignments related to sickle cell disease. As Vice Chairman of the SCSSN, she coordinates all in country activities of the Network including the training of media program persons and community health extension workers on SCD. She is Chair of Advocacy for Sickle Pan African Network (SPAN), a member of European Haematology Association, Union for International Cancer Control, African Organisation for Research &amp; Training in Cancer and the Academy of Clinical Laboratory Physicians &amp; Scientists. DrNnodu possesses significant strategic planning and capacity building skills. She has coordinated a number of multi-institutional and community based research projects including the DFID Funded DeLPHE Project. Her research focus is on the genetic determinants of co-morbidities associated with haemoglobin S and the control of SCD at community level.<\/p>\n\n\n\n<hr class=\"wp-block-separator\"\/>\n\n\n\n<h3 class=\"wp-block-heading\">Prof. Rahimy, Mohamed Cherif-Deen*<\/h3>\n\n\n\n<p><em>National SCD Institute, Cotonou, Benin.<\/em><\/p>\n\n\n\n<p>Dr. Rahimy graduated from the Faculty of Health Sciences of Cotonou, Benin in 1982, following which he went to Paris in France, for extensive postgraduate training in Pediatrics in several teaching hospitals, where he was conferred Pediatrician in 1987 at \u201cU.E.R Necker \u2013 EnfantsMalades\u201d of the University Rene Descartes Paris V. He then practiced and furthered his training in Pediatrics Immunology and Hematology as Senior Registrar at the Teaching Clinic of Pediatric Immunology and Hematology in \u201cH\u00f4pital Robert Debre\u201d, University Paris VII France, where he gained a lot of experiences in clinical management of all aspects of pediatric hematology and immunology, genetics, bone marrow transplantation, pediatrics HIV infection and malaria infection. He actively participated in many innovative treatment projects including the use of Human Cord Blood as source of Stem Cells for Bone Marrow Transplantation and the Concept of \u201cPCR Conversion\u201d which lead to the strategy of prevention of Mother-to-Child Transmission of HIV. In January 1993, after a sophisticated training and despite several solicitations to pursue his career in France, he decided to return back to Benin, where he was perfectly aware that the conducive environment and research facilities he was used to did not exist. Upon return, in addition to teaching Pediatrics at the University of Benin and practicing at the National Teaching Hospital in Cotonou, he set up the first Neonatal Screening Program for Sickle Cell Disease (SCD) as well as a Comprehensive Clinical Care Program in Sub-Saharan Africa. The specifically tailored strategy he implemented has been deemed relevant to the unique conditions of African countries with outstanding scientific papers published in top-ranking journals in the field. He organized several regional training courses and international Congresses in Cotonou on this inherited condition, which obviously is a neglected but important contributor to the burden of under-five deaths in Sub-Saharan Africa. His determination and skill of advocacy convinced his Health Authorities and Government to institutionalize a National Institute devoted to research training and care of children and pregnant women with SCD. On the occasion of the inauguration of this unique institution, he brought together SCD clinical and research experts (more than 80) from around the world to form a global network to advance patients\u2019 care through global research.&nbsp;&nbsp; His actions were also instrumental to the recognition of sickle cell anemia as a public health problem by the Heads of State of the Africa Union, the World Health Assembly, and by United Nations General Assembly. Finally, he led the Writing Committee of \u201cSickle cell disease prevention and control: A Strategy for the WHO African Region\u201d adopted by the general assembly of the Ministries of Health during the WHO-AFRO regional Committee (Resolution AFRO\/RC60\/8, August 30, 2010).<\/p>\n\n\n\n<h3 class=\"wp-block-heading\">Dr. Sangeda, Raphael*<\/h3>\n\n\n\n<p><em>Muhimbili University of Health and Allied Sciences, Dar es Salaam, Tanzania.<\/em><\/p>\n\n\n\n<p>Raphael is a lecturer and Head of the Department of Pharmaceutical Microbiology at the MUHAS node. Raphael graduated with a B. Pharm from Dr MGR Medical University, Chennai, India in 1998. In 2005, he obtained his MSc in Medical Microbiology at JomoKenyata University of Agriculture and Technology. In 2005 he joined KatholiekeUniversiteit Leuven, now KU Leuven, in Belgium where he graduated in M. Pharm (2006), MSc. Bioinformatics (2008) and PhD (2013) on the use of Bioinformatics approaches to predict HIV drug resistance. His interest at MWP includes the use of Genome Wide Association Studies (GWAS) in investigating the \u2018Genetic epidemiology of Human Immunodeficiency Virus, Hepatitis B virus and Hepatitis C virus infections in individuals with Sickle Cell Disease.<\/p>\n","protected":false},"excerpt":{"rendered":"<p>Prof. Adekile, Adekunle Kuwait University, Kuwait City, Kuwait. Professor Adekile graduated from the University of Ibadan Medical School in 1973 and completed his Pediatric Residency Training at the Obafemi Awolowo University Teaching Hospital, Ile-Ife Nigeria.&nbsp; He finished his post-doctoral Fellowship in PediatricHematology in Howard University Hospital, Washington DC, USA in 1980-1981, during which time he [&hellip;]<\/p>\n","protected":false},"author":1,"featured_media":0,"parent":0,"menu_order":0,"comment_status":"closed","ping_status":"closed","template":"","meta":{"footnotes":""},"class_list":["post-96","page","type-page","status-publish","hentry"],"_links":{"self":[{"href":"https:\/\/scdontology.h3abionet.org\/index.php\/wp-json\/wp\/v2\/pages\/96","targetHints":{"allow":["GET"]}}],"collection":[{"href":"https:\/\/scdontology.h3abionet.org\/index.php\/wp-json\/wp\/v2\/pages"}],"about":[{"href":"https:\/\/scdontology.h3abionet.org\/index.php\/wp-json\/wp\/v2\/types\/page"}],"author":[{"embeddable":true,"href":"https:\/\/scdontology.h3abionet.org\/index.php\/wp-json\/wp\/v2\/users\/1"}],"replies":[{"embeddable":true,"href":"https:\/\/scdontology.h3abionet.org\/index.php\/wp-json\/wp\/v2\/comments?post=96"}],"version-history":[{"count":2,"href":"https:\/\/scdontology.h3abionet.org\/index.php\/wp-json\/wp\/v2\/pages\/96\/revisions"}],"predecessor-version":[{"id":149,"href":"https:\/\/scdontology.h3abionet.org\/index.php\/wp-json\/wp\/v2\/pages\/96\/revisions\/149"}],"wp:attachment":[{"href":"https:\/\/scdontology.h3abionet.org\/index.php\/wp-json\/wp\/v2\/media?parent=96"}],"curies":[{"name":"wp","href":"https:\/\/api.w.org\/{rel}","templated":true}]}}